{"id":624,"date":"2019-11-14T11:44:49","date_gmt":"2019-11-14T16:44:49","guid":{"rendered":"https:\/\/frontiersneurophotonics.org\/fr\/?page_id=624"},"modified":"2019-11-14T12:17:47","modified_gmt":"2019-11-14T17:17:47","slug":"frontiers-in-neurophotonics-2017","status":"publish","type":"page","link":"https:\/\/frontiersneurophotonics.org\/fr\/frontiers-in-neurophotonics-2017\/","title":{"rendered":"Frontiers in Neurophotonics 2017"},"content":{"rendered":"<p><a href=\"http:\/\/frontiersneurophotonics.org\/documents\/NeurophotonicsV4.pdf\"><img loading=\"lazy\" decoding=\"async\" class=\"alignright\" style=\"opacity: 1;\" src=\"https:\/\/frontiersneurophotonics.org\/wp-content\/uploads\/2014\/12\/NeurophotonicsV4web.png\" alt=\"Frontiers in neurophotonics 2017\" width=\"535\" height=\"756\" \/><\/a><\/p>\n<h2>5\u00e8me congr\u00e8s international Frontiers in Neurophotonics<\/h2>\n<h3>Dates:<\/h3>\n<p>15-18 octobre, 2017<\/p>\n<h3>Lieu:<\/h3>\n<p>Bordeaux, France<\/p>\n<p>Organis\u00e9 par les d\u00e9partements de neurosciences et de photonique et les centre d\u2019imagerie de Bordeaux et de Qu\u00e9bec, FINS2017 est la cinqui\u00e8me \u00e9dition d\u2019une s\u00e9rie de conf\u00e9rences \u00e0 succ\u00e8s d\u00e9di\u00e9es aux nouvelles fronti\u00e8res en microscopie et en neuroscience.<\/p>\n<p>Le symposium rassemble des d\u00e9veloppeurs de premier plan\u00a0et des utilisateurs \u00a0d\u2019approches optiques avanc\u00e9es permettant d\u2019\u00e9tudier la fonction du cerveau, de la dynamique des r\u00e9cepteurs dans les\u00a0synapses au traitement sensoriel dans les cerveaux intacts.<\/p>\n<p>Sujets couverts<\/p>\n<ul>\n<li>l\u2019optog\u00e9n\u00e9tique et la photomanipulation<\/li>\n<li>l\u2019analyse d\u2019image et les approches computationnelles<\/li>\n<li>la microscopie \u00e0 super-r\u00e9solution, et<\/li>\n<li>l\u2019imagerie\u00a0<em>In vivo<\/em><\/li>\n<\/ul>\n<h3>Programme:<\/h3>\n<p>Voir le <a href=\"https:\/\/frontiersneurophotonics.org\/fr\/programme-2017\/\">programme de FINS2017<\/a><\/p>\n<h3>Galerie photo:<\/h3>\n<a class=\"gdlr-button medium\" href=\"https:\/\/frontiersneurophotonics.org\/fins-2017-photo-gallery\/\" target=\"_self\"  style=\"color:#ffffff; background-color:#000000; \"  >Galerie photo FINS 2017<\/a>\n<h3>Sujets trait\u00e9s:<\/h3>\n<p>Le symposium FiNS\u00a0met l\u2019accent sur les nouvelles approches photoniques visant \u00e0 une meilleure compr\u00e9hension de la structure et de la fonction du cerveau.<\/p>\n<p>Les avanc\u00e9es en neuroscience reposent crucialement sur le d\u00e9veloppement d\u2019approches qui permettent de sonder et de contr\u00f4ler les \u00e9v\u00e9nement cellulaires et mol\u00e9culaires dans les cellules vivantes et dans le cerveau intact. Les approches optiques permettent de faire le pont entre les neurosciences mol\u00e9culaires et les neurosciences des syst\u00e8mes.<\/p>\n<p>Ce symposium rassemblera les leaders mondiaux des domaines de la photonique et des neurosciences et mettra en vedette les derni\u00e8res avanc\u00e9es technologiques qui repoussent les limites des neurosciences exp\u00e9rimentales, pr\u00e9-cliniques et cliniques.<\/p>\n<p>Il s\u2019agit d\u2019un occasion exceptionnelle d\u2019explorer les derni\u00e8res d\u00e9couvertes et avanc\u00e9es conceptuelles du domaine, dans une atmosph\u00e8re d\u00e9contract\u00e9e de discussion ouverte.<\/p>\n<p>Les sujets trait\u00e9s incluent:<\/p>\n<ul>\n<li>Microscopie optique \u00e0 super-resolution<\/li>\n<li>Analyse d\u2019image et approches computationnelles<\/li>\n<li>Optog\u00e9n\u00e9tique et photomanipulation<\/li>\n<li>Imagerie non-lin\u00e9aire In vivo<\/li>\n<li>Techniques \u00e0 une seule mol\u00e9cule<\/li>\n<li>Imagerie mol\u00e9culaire et spectroscopie intrins\u00e8que<\/li>\n<li>Sondes de fibre pour la d\u00e9tection, l\u2019imagerie et la stimulation<\/li>\n<\/ul>\n<h3>Conf\u00e9renciers invit\u00e9s:<\/h3>\n<table border=\"0\" width=\"100%\">\n<tbody>\n<tr>\n<td>Tom\u00a0<strong>Bartol\u00a0<\/strong>| Salk Institute<\/p>\n<p>Thomas\u00a0<strong>Blanpied\u00a0<\/strong>| Maryland University<\/p>\n<p>Robert\u00a0<strong>Campbell\u00a0<\/strong>| Alberta University<\/p>\n<p>Rosa\u00a0<strong>Cossart\u00a0<\/strong>| INMED<\/p>\n<p>Daniel\u00a0<strong>C\u00f4t\u00e9\u00a0<\/strong>| University Laval<\/p>\n<p>Francoise\u00a0<strong>Coussen\u00a0<\/strong>| IINS \u2013 Universit\u00e9 de Bordeaux<\/p>\n<p>Pietro\u00a0<strong>De Camilli\u00a0<\/strong>| Yale School of Medicine<\/p>\n<p>Karl\u00a0<strong>Deisseroth\u00a0<\/strong>| Stanford Univ<\/p>\n<p>Yves\u00a0<strong>De Koninck\u00a0<\/strong>| Universit\u00e9 Laval<\/p>\n<p>Valentina\u00a0<strong>Emiliani\u00a0<\/strong>| Universit\u00e9 Paris Descartes<\/p>\n<p>Florian\u00a0<strong>Engert\u00a0<\/strong>| Harvard University<\/p>\n<p>Rainer\u00a0<strong>Friedrich\u00a0<\/strong>| Friedrich Miescher Institute<\/td>\n<td>Yukiko\u00a0<strong>Goda\u00a0<\/strong>| Riken BSI<\/p>\n<p>Laurent\u00a0<strong>Groc\u00a0<\/strong>| IINS \u2013 Universit\u00e9 de Bordeaux<\/p>\n<p>Kristen\u00a0<strong>Harris\u00a0<\/strong>| University of Texas at Austin<\/p>\n<p>Elizabeth\u00a0<strong>Hillman\u00a0<\/strong>| Columbia University<\/p>\n<p>Erik\u00a0<strong>J\u00f6rgensen\u00a0<\/strong>| Utah University<\/p>\n<p>Ralf\u00a0<strong>Jungmann\u00a0<\/strong>| Max Planck Institute<\/p>\n<p>Luke\u00a0<strong>Lavis\u00a0<\/strong>| HHMI Janelia<\/p>\n<p>Nathalie\u00a0<strong>Rochefort\u00a0<\/strong>| Edinburgh University<\/p>\n<p>Claire\u00a0<strong>Wyart\u00a0<\/strong>| ICM Paris<\/p>\n<p>Ryohei\u00a0<strong>Yasuda\u00a0<\/strong>| Max Planck Florida Institute<\/p>\n<p>Rafael\u00a0<strong>Yuste\u00a0<\/strong>| NTC Columbia University<\/p>\n<p>Xiaowei\u00a0<strong>Zhuang\u00a0<\/strong>| Harvard University<\/p>\n<p>&nbsp;<\/td>\n<\/tr>\n<\/tbody>\n<\/table>\n<h3>Comit\u00e9 du programme scientifique:<\/h3>\n<ul>\n<li><a href=\"http:\/\/www.iins.u-bordeaux.fr\/research-teams-daniel-choquet\" target=\"_blank\" rel=\"noopener noreferrer\">Daniel Choquet<\/a>\u00a0(Bordeaux)<\/li>\n<li><a href=\"http:\/\/www.lp2n.institutoptique.fr\/Membres-Services\/Chercheurs-Permanents\/COGNET-Laurent\" target=\"_blank\" rel=\"noopener noreferrer\">Laurent Cognet<\/a>\u00a0(Bordeaux)<\/li>\n<li><a href=\"http:\/\/www.iins.u-bordeaux.fr\/research-teams-jean-baptiste-sibarita\" target=\"_blank\" rel=\"noopener noreferrer\">Jean-Baptiste Sibarita<\/a>(Bordeaux)<\/li>\n<li><a href=\"http:\/\/www.iins.u-bordeaux.fr\/research-teams-valentin-nagerl\" target=\"_blank\" rel=\"noopener noreferrer\">Valentin N\u00e4gerl<\/a>\u00a0(Bordeaux)<\/li>\n<li><a href=\"http:\/\/www.inb.u-bordeaux2.fr\/dev\/FR\/chercheur.php?chercheur=Thoumine%20Olivier&amp;id=132\" target=\"_blank\" rel=\"noopener noreferrer\">Olivier Thoumine<\/a>\u00a0(Bordeaux)<\/li>\n<li><a href=\"http:\/\/neurophotonics.ca\/yves-de-koninck\" target=\"_blank\" rel=\"noopener noreferrer\">Yves De Koninck<\/a>\u00a0(U Laval)<\/li>\n<li><a href=\"http:\/\/www.greenspine.ca\/people\/paul-de-koninck\" target=\"_blank\" rel=\"noopener noreferrer\">Paul De Koninck<\/a>\u00a0(U Laval)<\/li>\n<li><a href=\"http:\/\/www.dcclab.ca\/en\/group-members\/daniel-cote\/\" target=\"_blank\" rel=\"noopener noreferrer\">Daniel C\u00f4t\u00e9<\/a>\u00a0(U Laval)<\/li>\n<\/ul>\n<h3>Comit\u00e9 organisateur:<\/h3>\n<ul>\n<li><a href=\"http:\/\/neurophotonics.ca\/mario-methot\" target=\"_blank\" rel=\"noopener noreferrer\">Mario M\u00e9thot\u00a0<\/a>(Qu\u00e9bec)<\/li>\n<li><a href=\"http:\/\/www.iins.u-bordeaux2.fr\/core-facilities\" target=\"_blank\" rel=\"noopener noreferrer\">C\u00e9dric Lopez\u00a0<\/a>(Bordeaux)<\/li>\n<li><a href=\"http:\/\/www.inb.u-bordeaux2.fr\/dev\/FR\/ita.php?ita=Gouineau%20Marie-No%EBlle&amp;id=400\" target=\"_blank\" rel=\"noopener noreferrer\">Marie-No\u00eblle Gouineau<\/a> (Bordeaux)<\/li>\n<\/ul>\n<h3>Commanditaires 2017:<\/h3>\n<section id=\"content-section-4\">\n<div class=\"gdlr-color-wrapper gdlr-show-all no-skin\">\n<div class=\"container\">\n<div class=\"gdlr-item gdlr-content-item\">\n<h3>Sponsors OR<\/h3>\n<\/div>\n<div class=\"clear\"><\/div>\n<div class=\"gdlr-gallery-item gdlr-item\">\n<div class=\"gallery-column four columns\">\n<div class=\"gallery-item\"><a href=\"https:\/\/www.nikoninstruments.com\/fr_FR\/\" target=\"_blank\" rel=\"noopener noreferrer\" data-rel=\"fancybox\"><img loading=\"lazy\" decoding=\"async\" src=\"https:\/\/frontiersneurophotonics.org\/fr\/wp-content\/uploads\/sites\/2\/2016\/10\/Nikon.jpg\" alt=\"\" width=\"224\" height=\"224\" \/><\/a><\/div>\n<\/div>\n<div class=\"gallery-column four columns\">\n<div class=\"gallery-item\"><a href=\"http:\/\/www.andor.com\/\" target=\"_blank\" rel=\"noopener noreferrer\" data-rel=\"fancybox\"><img loading=\"lazy\" decoding=\"async\" src=\"https:\/\/frontiersneurophotonics.org\/fr\/wp-content\/uploads\/sites\/2\/2016\/10\/Andor-OI-Logo300.png\" alt=\"http:\/\/www.andor.com\/\" width=\"300\" height=\"145\" \/><\/a><\/div>\n<\/div>\n<div class=\"gallery-column four columns\">\n<div class=\"gallery-item\"><a href=\"https:\/\/www.abbelight.com\/\" target=\"_blank\" rel=\"noopener noreferrer\" data-rel=\"fancybox\"><img loading=\"lazy\" decoding=\"async\" src=\"https:\/\/frontiersneurophotonics.org\/fr\/wp-content\/uploads\/sites\/2\/2016\/10\/ABBELIGHT-LOGO225.png\" alt=\"\" width=\"230\" height=\"225\" \/><\/a><\/div>\n<\/div>\n<div class=\"clear\"><\/div>\n<\/div>\n<div class=\"clear\"><\/div>\n<div class=\"gdlr-item gdlr-content-item\">\n<div class=\"gdlr-shortcode-wrapper\">\n<div class=\"clear\"><\/div>\n<div class=\"gdlr-item gdlr-divider-item\">\n<div class=\"gdlr-divider solid\"><\/div>\n<\/div>\n<\/div>\n<h3>Sponsors ARGENT<\/h3>\n<\/div>\n<div class=\"clear\"><\/div>\n<div class=\"gdlr-gallery-item gdlr-item\">\n<div class=\"gallery-column four columns\">\n<div class=\"gallery-item\"><a href=\"https:\/\/www.errol-laser.com\/\" target=\"_blank\" rel=\"noopener noreferrer\" data-rel=\"fancybox\"><img loading=\"lazy\" decoding=\"async\" src=\"https:\/\/frontiersneurophotonics.org\/fr\/wp-content\/uploads\/sites\/2\/2016\/10\/errol-1.png\" alt=\"\" width=\"432\" height=\"100\" \/><\/a><\/div>\n<\/div>\n<div class=\"gallery-column four columns\">\n<div class=\"gallery-item\"><a href=\"http:\/\/www.amplitude-systemes.com\/\" target=\"_blank\" rel=\"noopener noreferrer\" data-rel=\"fancybox\"><img loading=\"lazy\" decoding=\"async\" src=\"https:\/\/frontiersneurophotonics.org\/fr\/wp-content\/uploads\/sites\/2\/2016\/10\/logo_Amplitude-2.png\" alt=\"\" width=\"323\" height=\"100\" \/><\/a><\/div>\n<\/div>\n<div class=\"gallery-column four columns\">\n<div class=\"gallery-item\"><a href=\"https:\/\/www.physikinstrumente.com\/en\/%20\" target=\"_blank\" rel=\"noopener noreferrer\" data-rel=\"fancybox\"><img loading=\"lazy\" decoding=\"async\" src=\"https:\/\/frontiersneurophotonics.org\/fr\/wp-content\/uploads\/sites\/2\/2016\/10\/PI.png\" alt=\"\" width=\"209\" height=\"100\" \/><\/a><\/div>\n<\/div>\n<div class=\"clear\"><\/div>\n<div class=\"gallery-column four columns\">\n<div class=\"gallery-item\"><a href=\"https:\/\/www.zeiss.fr\/corporate\/home.html\" target=\"_blank\" rel=\"noopener noreferrer\" data-rel=\"fancybox\"><img loading=\"lazy\" decoding=\"async\" src=\"https:\/\/frontiersneurophotonics.org\/fr\/wp-content\/uploads\/sites\/2\/2016\/10\/ZeissLogo200.png\" alt=\"\" width=\"200\" height=\"197\" \/><\/a><\/div>\n<\/div>\n<div class=\"gallery-column four columns\">\n<div class=\"gallery-item\"><a href=\"http:\/\/www.hamamatsu.com\/\" target=\"_blank\" rel=\"noopener noreferrer\" data-rel=\"fancybox\"><img loading=\"lazy\" decoding=\"async\" src=\"https:\/\/frontiersneurophotonics.org\/fr\/wp-content\/uploads\/sites\/2\/2016\/10\/Ham_Logo_120mm.jpg\" alt=\"\" width=\"945\" height=\"237\" \/><\/a><\/div>\n<\/div>\n<div class=\"gallery-column four columns\">\n<div class=\"gallery-item\"><a href=\"http:\/\/www.karthala-system.com\/\" target=\"_blank\" rel=\"noopener noreferrer\" data-rel=\"fancybox\"><img loading=\"lazy\" decoding=\"async\" src=\"https:\/\/frontiersneurophotonics.org\/fr\/wp-content\/uploads\/sites\/2\/2016\/10\/Karthala.png\" alt=\"\" width=\"916\" height=\"565\" \/><\/a><\/div>\n<\/div>\n<div class=\"clear\"><\/div>\n<\/div>\n<div class=\"clear\"><\/div>\n<div class=\"gdlr-item gdlr-content-item\">\n<div class=\"gdlr-shortcode-wrapper\">\n<div class=\"clear\"><\/div>\n<div class=\"gdlr-item gdlr-divider-item\">\n<div class=\"gdlr-divider solid\"><\/div>\n<\/div>\n<\/div>\n<h3>Sponsors BRONZE<\/h3>\n<\/div>\n<div class=\"clear\"><\/div>\n<div class=\"gdlr-gallery-item gdlr-item\">\n<div class=\"gallery-column four columns\">\n<div class=\"gallery-item\"><a href=\"http:\/\/www.coherent.com\/\" target=\"_blank\" rel=\"noopener noreferrer\" data-rel=\"fancybox\"><img loading=\"lazy\" decoding=\"async\" src=\"https:\/\/frontiersneurophotonics.org\/fr\/wp-content\/uploads\/sites\/2\/2016\/10\/Coherent-1.jpg\" alt=\"\" width=\"417\" height=\"100\" \/><\/a><\/div>\n<\/div>\n<div class=\"gallery-column four columns\">\n<div class=\"gallery-item\"><a href=\"http:\/\/www.imagine-optic.com\/\" target=\"_blank\" rel=\"noopener noreferrer\" data-rel=\"fancybox\"><img loading=\"lazy\" decoding=\"async\" src=\"https:\/\/frontiersneurophotonics.org\/fr\/wp-content\/uploads\/sites\/2\/2016\/10\/Imagine-Optic-1.png\" alt=\"\" width=\"293\" height=\"100\" \/><\/a><\/div>\n<\/div>\n<div class=\"gallery-column four columns\">\n<div class=\"gallery-item\"><a href=\"http:\/\/www.leica-microsystems.com\/fr\/accueil\/%20\" target=\"_blank\" rel=\"noopener noreferrer\" data-rel=\"fancybox\"><img loading=\"lazy\" decoding=\"async\" src=\"https:\/\/frontiersneurophotonics.org\/fr\/wp-content\/uploads\/sites\/2\/2016\/10\/Leica_Microsystems.png\" alt=\"\" width=\"159\" height=\"100\" \/><\/a><\/div>\n<\/div>\n<div class=\"clear\"><\/div>\n<div class=\"gallery-column four columns\">\n<div class=\"gallery-item\"><a href=\"http:\/\/spie.org\/\" target=\"_blank\" rel=\"noopener noreferrer\" data-rel=\"fancybox\"><img loading=\"lazy\" decoding=\"async\" src=\"https:\/\/frontiersneurophotonics.org\/fr\/wp-content\/uploads\/sites\/2\/2016\/10\/SPIE-logo.png\" alt=\"\" width=\"194\" height=\"100\" \/><\/a><\/div>\n<\/div>\n<div class=\"gallery-column four columns\">\n<div class=\"gallery-item\"><a href=\"https:\/\/www.nature.com\/\" target=\"_blank\" rel=\"noopener noreferrer\" data-rel=\"fancybox\"><img loading=\"lazy\" decoding=\"async\" src=\"https:\/\/frontiersneurophotonics.org\/fr\/wp-content\/uploads\/sites\/2\/2016\/10\/Nature_Methods_CMYK.png\" alt=\"\" width=\"2740\" height=\"376\" \/><\/a><\/div>\n<\/div>\n<div class=\"gallery-column four columns\">\n<div class=\"gallery-item\"><a href=\"http:\/\/www.bruker.com\/nano\" target=\"_blank\" rel=\"noopener noreferrer\" data-rel=\"fancybox\"><img loading=\"lazy\" decoding=\"async\" src=\"https:\/\/frontiersneurophotonics.org\/fr\/wp-content\/uploads\/sites\/2\/2016\/10\/bruker_logo-1.png\" alt=\"\" width=\"189\" height=\"100\" \/><\/a><\/div>\n<\/div>\n<div class=\"clear\"><\/div>\n<div class=\"gallery-column four columns\">\n<div class=\"gallery-item\"><a href=\"http:\/\/www.nktphotonics.com\/\" target=\"_blank\" rel=\"noopener noreferrer\" data-rel=\"fancybox\"><img loading=\"lazy\" decoding=\"async\" src=\"https:\/\/frontiersneurophotonics.org\/fr\/wp-content\/uploads\/sites\/2\/2016\/10\/NKTPhot_CMYK_300.jpg\" alt=\"NKT photonics\" width=\"300\" height=\"67\" \/><\/a><\/div>\n<\/div>\n<div class=\"clear\"><\/div>\n<\/div>\n<div class=\"clear\"><\/div>\n<div class=\"clear\"><\/div>\n<\/div>\n<\/div>\n<div class=\"clear\"><\/div>\n<\/section>\n<section id=\"content-section-5\">\n<div id=\"gdlr-parallax-wrapper-1\" class=\"gdlr-parallax-wrapper gdlr-background-image \">\n<div class=\"gdlr-gallery-item gdlr-item\">\n<div class=\"gallery-column two columns\">\n<div class=\"gallery-item\"><img loading=\"lazy\" decoding=\"async\" src=\"https:\/\/frontiersneurophotonics.org\/fr\/wp-content\/uploads\/sites\/2\/2016\/10\/Logo-investissement-avenir-1-150x150.png\" alt=\"\" width=\"150\" height=\"150\" \/><\/div>\n<\/div>\n<div class=\"gallery-column two columns\">\n<div class=\"gallery-item\"><img loading=\"lazy\" decoding=\"async\" src=\"https:\/\/frontiersneurophotonics.org\/fr\/wp-content\/uploads\/sites\/2\/2016\/10\/macaron_IdEx1-150x150.png\" alt=\"\" width=\"150\" height=\"150\" \/><span class=\"gallery-caption\">programme financ\u00e9 par l&rsquo;ANR &#8211; n\u00b0 ANR-10-IDEX-03-02<\/span><\/div>\n<\/div>\n<div class=\"gallery-column two columns\">\n<div class=\"gallery-item\"><img loading=\"lazy\" decoding=\"async\" src=\"https:\/\/frontiersneurophotonics.org\/fr\/wp-content\/uploads\/sites\/2\/2016\/10\/CNRSfilaire_p-150x150.jpg\" alt=\"\" width=\"150\" height=\"150\" \/><\/div>\n<\/div>\n<div class=\"gallery-column two columns\">\n<div class=\"gallery-item\"><img loading=\"lazy\" decoding=\"async\" src=\"https:\/\/frontiersneurophotonics.org\/fr\/wp-content\/uploads\/sites\/2\/2016\/10\/LOGO_IINS_VGB_CMJN-150x150.png\" alt=\"\" width=\"150\" height=\"150\" \/><\/div>\n<\/div>\n<div class=\"gallery-column two columns\">\n<div class=\"gallery-item\"><img loading=\"lazy\" decoding=\"async\" src=\"https:\/\/frontiersneurophotonics.org\/fr\/wp-content\/uploads\/sites\/2\/2016\/10\/logoInsermMN-150x150.png\" alt=\"\" width=\"150\" height=\"150\" \/><\/div>\n<\/div>\n<div class=\"gallery-column two columns\">\n<div class=\"gallery-item\"><img loading=\"lazy\" decoding=\"async\" src=\"https:\/\/frontiersneurophotonics.org\/fr\/wp-content\/uploads\/sites\/2\/2016\/10\/Logo_Bx_Neurocampus-300sq-150x150.png\" alt=\"Bordeaux Neurocampus\" width=\"150\" height=\"150\" \/><\/div>\n<\/div>\n<div class=\"clear\"><\/div>\n<div class=\"gallery-column two columns\">\n<div class=\"gallery-item\"><img loading=\"lazy\" decoding=\"async\" src=\"https:\/\/frontiersneurophotonics.org\/fr\/wp-content\/uploads\/sites\/2\/2016\/10\/LogoIOGS-150x150.png\" alt=\"\" width=\"150\" height=\"150\" \/><\/div>\n<\/div>\n<div class=\"gallery-column two columns\">\n<div class=\"gallery-item\"><img loading=\"lazy\" decoding=\"async\" src=\"https:\/\/frontiersneurophotonics.org\/fr\/wp-content\/uploads\/sites\/2\/2016\/10\/logo-orange-square-150x150.png\" alt=\"\" width=\"150\" height=\"150\" \/><\/div>\n<\/div>\n<div class=\"gallery-column two columns\">\n<div class=\"gallery-item\"><img loading=\"lazy\" decoding=\"async\" src=\"https:\/\/frontiersneurophotonics.org\/fr\/wp-content\/uploads\/sites\/2\/2016\/10\/NeuroPhotonics.png\" alt=\"\" width=\"145\" height=\"144\" \/><\/div>\n<\/div>\n<div class=\"gallery-column two columns\">\n<div class=\"gallery-item\"><img loading=\"lazy\" decoding=\"async\" src=\"https:\/\/frontiersneurophotonics.org\/fr\/wp-content\/uploads\/sites\/2\/2016\/10\/Logo_BRAIN-2017.png\" alt=\"\" width=\"111\" height=\"131\" \/><\/div>\n<\/div>\n<div class=\"gallery-column two columns\">\n<div class=\"gallery-item\"><img loading=\"lazy\" decoding=\"async\" src=\"https:\/\/frontiersneurophotonics.org\/fr\/wp-content\/uploads\/sites\/2\/2016\/10\/logo_NA-vertical-coul-150x150.jpg\" alt=\"R\u00e9gion Nouvelle-Aquitaine\" width=\"150\" height=\"150\" \/><\/div>\n<\/div>\n<div class=\"clear\"><\/div>\n<\/div>\n<div class=\"clear\"><\/div>\n<div class=\"gdlr-gallery-item gdlr-item\">\n<div class=\"gallery-column one-fifth column\">\n<div class=\"gallery-item\"><img loading=\"lazy\" decoding=\"async\" src=\"https:\/\/frontiersneurophotonics.org\/fr\/wp-content\/uploads\/sites\/2\/2016\/10\/FBI_w.png\" alt=\"\" width=\"250\" height=\"250\" \/><\/div>\n<\/div>\n<div class=\"gallery-column one-fifth column\">\n<div class=\"gallery-item\"><img loading=\"lazy\" decoding=\"async\" src=\"https:\/\/frontiersneurophotonics.org\/fr\/wp-content\/uploads\/sites\/2\/2016\/10\/LAPHIA.jpg\" alt=\"\" width=\"1134\" height=\"340\" \/><\/div>\n<\/div>\n<\/div>\n<\/div>\n<\/section>\n","protected":false},"excerpt":{"rendered":"<p>5\u00e8me congr\u00e8s international Frontiers in Neurophotonics Dates: 15-18 octobre, 2017 Lieu: Bordeaux, France Organis\u00e9 par les d\u00e9partements de neurosciences et de photonique et les centre d\u2019imagerie de Bordeaux et de Qu\u00e9bec, FINS2017 est la cinqui\u00e8me \u00e9dition d\u2019une s\u00e9rie de conf\u00e9rences \u00e0 succ\u00e8s d\u00e9di\u00e9es aux nouvelles fronti\u00e8res en microscopie et en neuroscience. Le symposium rassemble des&#8230; <\/p>\n<div class=\"clear\"><\/div>\n<p><a href=\"https:\/\/frontiersneurophotonics.org\/fr\/frontiers-in-neurophotonics-2017\/\" class=\"gdlr-info-font excerpt-read-more\">Read More<\/a><\/p>\n","protected":false},"author":1,"featured_media":0,"parent":0,"menu_order":0,"comment_status":"closed","ping_status":"closed","template":"","meta":{"inline_featured_image":false,"footnotes":""},"class_list":["post-624","page","type-page","status-publish","hentry"],"_links":{"self":[{"href":"https:\/\/frontiersneurophotonics.org\/fr\/wp-json\/wp\/v2\/pages\/624","targetHints":{"allow":["GET"]}}],"collection":[{"href":"https:\/\/frontiersneurophotonics.org\/fr\/wp-json\/wp\/v2\/pages"}],"about":[{"href":"https:\/\/frontiersneurophotonics.org\/fr\/wp-json\/wp\/v2\/types\/page"}],"author":[{"embeddable":true,"href":"https:\/\/frontiersneurophotonics.org\/fr\/wp-json\/wp\/v2\/users\/1"}],"replies":[{"embeddable":true,"href":"https:\/\/frontiersneurophotonics.org\/fr\/wp-json\/wp\/v2\/comments?post=624"}],"version-history":[{"count":7,"href":"https:\/\/frontiersneurophotonics.org\/fr\/wp-json\/wp\/v2\/pages\/624\/revisions"}],"predecessor-version":[{"id":640,"href":"https:\/\/frontiersneurophotonics.org\/fr\/wp-json\/wp\/v2\/pages\/624\/revisions\/640"}],"wp:attachment":[{"href":"https:\/\/frontiersneurophotonics.org\/fr\/wp-json\/wp\/v2\/media?parent=624"}],"curies":[{"name":"wp","href":"https:\/\/api.w.org\/{rel}","templated":true}]}}