{"id":42,"date":"2014-07-22T19:29:04","date_gmt":"2014-07-22T19:29:04","guid":{"rendered":"http:\/\/localhost\/frontiers\/fr\/?page_id=42"},"modified":"2014-07-23T20:01:40","modified_gmt":"2014-07-23T20:01:40","slug":"fins-2013","status":"publish","type":"page","link":"https:\/\/frontiersneurophotonics.org\/fr\/archives\/fins-2013\/","title":{"rendered":"Frontiers in Neurophotonics Symposium 2013"},"content":{"rendered":"<p><a href=\"..\/..\/wp-content\/uploads\/sites\/2\/2014\/07\/Fins-2013.jpg\"><img loading=\"lazy\" decoding=\"async\" class=\"aligncenter size-full wp-image-44\" src=\"..\/..\/wp-content\/uploads\/sites\/2\/2014\/07\/Fins-2013.jpg\" alt=\"Fins-2013\" width=\"920\" height=\"283\" srcset=\"https:\/\/frontiersneurophotonics.org\/fr\/wp-content\/uploads\/sites\/2\/2014\/07\/Fins-2013.jpg 920w, https:\/\/frontiersneurophotonics.org\/fr\/wp-content\/uploads\/sites\/2\/2014\/07\/Fins-2013-300x92.jpg 300w, https:\/\/frontiersneurophotonics.org\/fr\/wp-content\/uploads\/sites\/2\/2014\/07\/Fins-2013-100x30.jpg 100w, https:\/\/frontiersneurophotonics.org\/fr\/wp-content\/uploads\/sites\/2\/2014\/07\/Fins-2013-150x46.jpg 150w, https:\/\/frontiersneurophotonics.org\/fr\/wp-content\/uploads\/sites\/2\/2014\/07\/Fins-2013-200x61.jpg 200w, https:\/\/frontiersneurophotonics.org\/fr\/wp-content\/uploads\/sites\/2\/2014\/07\/Fins-2013-450x138.jpg 450w, https:\/\/frontiersneurophotonics.org\/fr\/wp-content\/uploads\/sites\/2\/2014\/07\/Fins-2013-600x184.jpg 600w, https:\/\/frontiersneurophotonics.org\/fr\/wp-content\/uploads\/sites\/2\/2014\/07\/Fins-2013-900x276.jpg 900w\" sizes=\"auto, (max-width: 920px) 100vw, 920px\" \/><\/a><\/p>\n<p><span style=\"text-decoration: underline;\"><strong>Lieu:<\/strong><\/span> Agora du Haut-Carr\u00e9 (Espace AGORA, Domaine du Haut Carr\u00e9, Campus Bordeaux University, 43 rue Pierre Noailles, 33400 TALENCE). Pour plus d&rsquo;informations visitez: <a href=\"http:\/\/www.u-bordeaux1.fr\/entreprise\/prestations-de-service\/organisation-de-manifestations\/agora.html\" target=\"_blank\">Agora-Bordeaux1<\/a><\/p>\n<p><strong><span style=\"text-decoration: underline;\">Dates<\/span><\/strong>: 1 &#8211; 4 octobre, 2013<\/p>\n<h3>Comit\u00e9 du programme scientifique<strong><br \/>\n<\/strong><\/h3>\n<p><a href=\"http:\/\/frontiersneurophotonics.org\/fr\/wp-content\/uploads\/sites\/2\/2014\/07\/FINS2013.jpg\"><img loading=\"lazy\" decoding=\"async\" class=\"alignright size-medium wp-image-55\" src=\"http:\/\/frontiersneurophotonics.org\/fr\/wp-content\/uploads\/sites\/2\/2014\/07\/FINS2013-212x300.jpg\" alt=\"FINS2013\" width=\"212\" height=\"300\" srcset=\"https:\/\/frontiersneurophotonics.org\/fr\/wp-content\/uploads\/sites\/2\/2014\/07\/FINS2013-212x300.jpg 212w, https:\/\/frontiersneurophotonics.org\/fr\/wp-content\/uploads\/sites\/2\/2014\/07\/FINS2013-724x1024.jpg 724w, https:\/\/frontiersneurophotonics.org\/fr\/wp-content\/uploads\/sites\/2\/2014\/07\/FINS2013-100x141.jpg 100w, https:\/\/frontiersneurophotonics.org\/fr\/wp-content\/uploads\/sites\/2\/2014\/07\/FINS2013-150x211.jpg 150w, https:\/\/frontiersneurophotonics.org\/fr\/wp-content\/uploads\/sites\/2\/2014\/07\/FINS2013-200x282.jpg 200w, https:\/\/frontiersneurophotonics.org\/fr\/wp-content\/uploads\/sites\/2\/2014\/07\/FINS2013-300x423.jpg 300w, https:\/\/frontiersneurophotonics.org\/fr\/wp-content\/uploads\/sites\/2\/2014\/07\/FINS2013-450x635.jpg 450w, https:\/\/frontiersneurophotonics.org\/fr\/wp-content\/uploads\/sites\/2\/2014\/07\/FINS2013-600x847.jpg 600w, https:\/\/frontiersneurophotonics.org\/fr\/wp-content\/uploads\/sites\/2\/2014\/07\/FINS2013-900x1271.jpg 900w, https:\/\/frontiersneurophotonics.org\/fr\/wp-content\/uploads\/sites\/2\/2014\/07\/FINS2013.jpg 1123w\" sizes=\"auto, (max-width: 212px) 100vw, 212px\" \/><\/a><br \/>\n<strong>Jean-Baptiste Sibarita,\u00a0<\/strong><em>Bordeaux\u00a0<\/em><br \/>\n<strong>Valentin N\u00e4gerl,\u00a0<\/strong><em>Bordeaux\u00a0<\/em><br \/>\n<strong>Laurent Cognet,\u00a0<\/strong><em>Bordeaux<\/em><br \/>\n<strong>Yves DeKoninck,\u00a0<\/strong><em>Qu\u00e9bec<\/em><br \/>\n<strong>Paul DeKoninck,\u00a0<\/strong><em>Qu\u00e9bec<\/em><\/p>\n<h3>Comit\u00e9 organisateur<\/h3>\n<p><strong style=\"color: #000000;\">Marie-No\u00eblle Gouineau<\/strong><span style=\"color: #000000;\">\u00a0<\/span><em style=\"color: #000000;\">Bordeaux\u00a0<\/em><em style=\"color: #000000;\">\u00a0<\/em><br style=\"color: #000000;\" \/><strong style=\"color: #000000;\">C\u00e9dric Lopez\u00a0<\/strong><em style=\"color: #000000;\">Bordeaux<\/em><strong style=\"color: #000000;\"><em><br \/>\n<\/em>Mario M\u00e9thot,\u00a0<\/strong><em style=\"color: #000000;\">Qu\u00e9bec<\/em><span style=\"color: #000000;\">\u00a0<\/span><\/p>\n<p>Cette rencontre, organis\u00e9e conjointement par l\u2019Universit\u00e9 de Bordeaux et l\u2019Universit\u00e9 Laval, a eu\u00a0lieu du 1er au 4 Octobre 2013. Il s\u2019agissait de la troisi\u00e8me \u00e9dition d\u2019une s\u00e9rie de conf\u00e9rences ayant connu un vif succ\u00e8s sous le th\u00e8me des nouvelles fronti\u00e8res en neurophotonique.<\/p>\n<p>T\u00e9l\u00e9chargez l&rsquo;<a href=\"..\/..\/..\/documents\/FINS2013.jpg\">affiche Frontiers in Neurophotonics International Symposium &#8211; 2013<\/a>\u00a0(946 KB)<br \/>\nT\u00e9l\u00e9chargez le <a href=\"..\/..\/..\/documents\/Booklet-Frontiers2013.pdf\">livret &#8211; Programme et abstracts<\/a> (2.3MB)<\/p>\n<p>Pour Neurophotonics 2013 \u00a0l\u2019accent a \u00e9t\u00e9 mis sur les approches de fine pointe en microscopie visant \u00e0 une meilleure compr\u00e9hension de la structure et de la fonction c\u00e9r\u00e9brale.<\/p>\n<p>Cette rencontre ne fut\u00a0pas qu\u2019une simple d\u00e9monstration de nouvelles m\u00e9thodes, mais visait aussi \u00e0 d\u00e9montrer comment les m\u00e9thodes avanc\u00e9es en microscopie optiques deviennent rapidement centrales \u00e0 la recherche en neurobiologie, donnant lieu \u00e0 des d\u00e9couvertes fascinantes en recherche et stimulent les avanc\u00e9es conceptuelles.<\/p>\n<p>Les th\u00e9matiques et les m\u00e9thodes vues allaient de\u00a0la mesure des dynamiques de mol\u00e9cules uniques au niveau des synapses jusqu\u2019\u00e0 l\u2019imagerie de processus sensoriels dans des cerveaux intacts, incluant les approches computationnelles.<\/p>\n<h3>Conf\u00e9renciers invit\u00e9s<\/h3>\n<table border=\"0\" cellspacing=\"0\" cellpadding=\"0\">\n<tbody>\n<tr>\n<td align=\"left\" valign=\"top\" width=\"50%\"><strong>Angus Silver<\/strong>,\u00a0<em>London<\/em><br \/>\n<strong>Antoine Triller<\/strong>,\u00a0<em>Paris<\/em><br \/>\n<strong>Bal\u00e1zs R\u00f3zsa<\/strong>,\u00a0<em>Budapest<\/em><br \/>\n<strong>Brahim Lounis<\/strong>,\u00a0<em>Bordeaux<\/em><br \/>\n<strong>Daniel Choquet<\/strong>,\u00a0<em>Bordeaux<\/em><br \/>\n<strong>Daniel C\u00f4t\u00e9<\/strong>,\u00a0<em>Qu\u00e9bec<\/em><br \/>\n<strong>David DiGregorio<\/strong>,\u00a0<em>Paris<\/em><br \/>\n<strong>David Holcman<\/strong>,\u00a0<em>Paris<\/em><br \/>\n<strong>Dmitri Rusakov<\/strong>,\u00a0<em>London<\/em><br \/>\n<strong>Enrico Gratton<\/strong>,\u00a0<em>Irvine<\/em><br \/>\n<strong>Florian Engert<\/strong>,\u00a0<em>Boston<\/em><br \/>\n<strong>Hans Ulrich Dodt<\/strong>,\u00a0<em>Vienna<\/em><br \/>\n<strong>Haruhiko Bito<\/strong>,\u00a0<em>Tokyo<\/em><br \/>\n<strong>Jerome Mertz<\/strong>,\u00a0<em>Boston<\/em><\/td>\n<td align=\"left\" valign=\"top\" width=\"50%\"><strong>Mark Ellisman<\/strong>,\u00a0<em>San Diego<\/em><br \/>\n<strong>Markus Sauer<\/strong>,\u00a0<em>W\u00fcrzburg<\/em><br \/>\n<strong>Matthew Banghart,<\/strong>\u00a0<em>Boston<\/em><br \/>\n<strong>Maxime Dahan<\/strong>,\u00a0<em>Paris<\/em><br \/>\n<strong>Melike Lakadamyali<\/strong>,\u00a0<em>Barcelona<\/em><br \/>\n<strong>Moritz Helmstaedter<\/strong>,\u00a0<em>Martiensried<\/em><br \/>\n<strong>Robert Campbell<\/strong>,\u00a0<em>Edmonton<\/em><br \/>\n<strong>Stefan Hell<\/strong>,\u00a0<em>G\u00f6ttingen<\/em><br \/>\n<strong>St\u00e9phane Dieudonn\u00e9<\/strong>,\u00a0<em>Paris<\/em><br \/>\n<strong>Thomas Mrsic-Fl\u00f6gel<\/strong>,\u00a0<em>London<\/em><br \/>\n<strong>Tim Murphy<\/strong>,\u00a0<em>Vancouver<\/em><br \/>\n<strong>Valentina Emiliani<\/strong>,\u00a0<em>Paris<\/em><br \/>\n<strong>Xiaowei Zhuang<\/strong>,\u00a0<em>Boston<\/em><br \/>\n<strong>Yuji Ikegaya<\/strong>,\u00a0<em>Tokyo<\/em><\/td>\n<\/tr>\n<\/tbody>\n<\/table>\n<p>&nbsp;<\/p>\n<h3 style=\"font-weight: lighter; color: #594a42;\">Les sujets abord\u00e9s:<\/h3>\n<p><strong>De la detection de molecules unique au niveau des synapses jusqu\u2019\u00e0 l\u2019imagerie d\u2019activit\u00e9 en r\u00e9seau dans le syst\u00e8me nerveux intact<\/strong><\/p>\n<ul class=\"topics-1\">\n<ul class=\"topics-1\">\n<li>Optique non-lin\u00e9aire pour l\u2019imagerie des tissus en profondeur \u00e0 haute r\u00e9solution<\/li>\n<li>Application de la fluorescence \u00e0 la neurochirurgie<\/li>\n<li>Tomographie optique<\/li>\n<li>Techniques de photoablation<\/li>\n<li>Exploitation des cannaux ioniques photoactivables pour manipuler l\u2019activit\u00e9 neuronale<\/li>\n<li>Nanoscopie: l\u2019imagerie optique \u00e0 super-r\u00e9solution au niveau des synapses vivantes<\/li>\n<li>M\u00e9thodes novatrices d\u2019analyse d\u2019images pour extraire de l\u2019information mol\u00e9culaire sous les limites de diffraction<\/li>\n<li>Sondes nanophotoniques pour les biosenseurs et le suivi mol\u00e9culaire<\/li>\n<li>Dynamiques mol\u00e9culaires dans des nanocompartiments<\/li>\n<li>Surveillance des interactions mol\u00e9culaires dans des neurones vivants<\/li>\n<li>Surmonter les d\u00e9fis de la r\u00e9solution temporelle pour la surveillance optique de l\u2019activit\u00e9 en r\u00e9seau<\/li>\n<li>Imagerie multimodale<\/li>\n<li>Microendoscopie<\/li>\n<li>D\u00e9tection sans sondes<\/li>\n<\/ul>\n<\/ul>\n<p>Cette troisi\u00e8me \u00e9dition de Frontiers in Neurophotonics fut\u00a0le r\u00e9sultat d\u2019un partenariat entre\u00a0<a style=\"color: #0066cc;\" href=\"http:\/\/www.u-bordeaux2.fr\/index.jsp\">l\u2019Universit\u00e9 de Bordeaux<\/a>\u00a0(<a style=\"color: #0066cc;\" href=\"http:\/\/www.iins.u-bordeaux2.fr\/\">Institut Interdisciplinaire des Neurosciences de Bordeaux<\/a>) et<a style=\"color: #0066cc;\" href=\"http:\/\/www2.ulaval.ca\/\">\u00a0l\u2019Universit\u00e9 Laval<\/a>\u00a0(<a style=\"color: #0066cc;\" href=\"http:\/\/www.neurophotonics.ca\/\">Centre de Neurophotonique<\/a>, programme de\u00a0<a style=\"color: #0066cc;\" href=\"http:\/\/www.neurophysics.ca\/\">Neurophysique<\/a>) avec comme objectifs de rassembler physiciens et neurobiologistes autour du th\u00e8me commun de la Neurophotonique.<\/p>\n","protected":false},"excerpt":{"rendered":"<p>Lieu: Agora du Haut-Carr\u00e9 (Espace AGORA, Domaine du Haut Carr\u00e9, Campus Bordeaux University, 43 rue Pierre Noailles, 33400 TALENCE). Pour plus d&rsquo;informations visitez: Agora-Bordeaux1 Dates: 1 &#8211; 4 octobre, 2013 Comit\u00e9 du programme scientifique Jean-Baptiste Sibarita,\u00a0Bordeaux\u00a0 Valentin N\u00e4gerl,\u00a0Bordeaux\u00a0 Laurent Cognet,\u00a0Bordeaux Yves DeKoninck,\u00a0Qu\u00e9bec Paul DeKoninck,\u00a0Qu\u00e9bec Comit\u00e9 organisateur Marie-No\u00eblle Gouineau\u00a0Bordeaux\u00a0\u00a0C\u00e9dric Lopez\u00a0Bordeaux Mario M\u00e9thot,\u00a0Qu\u00e9bec\u00a0 Cette rencontre, organis\u00e9e conjointement&#8230; <\/p>\n<div class=\"clear\"><\/div>\n<p><a href=\"https:\/\/frontiersneurophotonics.org\/fr\/archives\/fins-2013\/\" class=\"gdlr-info-font excerpt-read-more\">Read More<\/a><\/p>\n","protected":false},"author":1,"featured_media":0,"parent":25,"menu_order":0,"comment_status":"closed","ping_status":"closed","template":"full-width-page.php","meta":{"inline_featured_image":false,"footnotes":""},"class_list":["post-42","page","type-page","status-publish","hentry"],"_links":{"self":[{"href":"https:\/\/frontiersneurophotonics.org\/fr\/wp-json\/wp\/v2\/pages\/42","targetHints":{"allow":["GET"]}}],"collection":[{"href":"https:\/\/frontiersneurophotonics.org\/fr\/wp-json\/wp\/v2\/pages"}],"about":[{"href":"https:\/\/frontiersneurophotonics.org\/fr\/wp-json\/wp\/v2\/types\/page"}],"author":[{"embeddable":true,"href":"https:\/\/frontiersneurophotonics.org\/fr\/wp-json\/wp\/v2\/users\/1"}],"replies":[{"embeddable":true,"href":"https:\/\/frontiersneurophotonics.org\/fr\/wp-json\/wp\/v2\/comments?post=42"}],"version-history":[{"count":17,"href":"https:\/\/frontiersneurophotonics.org\/fr\/wp-json\/wp\/v2\/pages\/42\/revisions"}],"predecessor-version":[{"id":63,"href":"https:\/\/frontiersneurophotonics.org\/fr\/wp-json\/wp\/v2\/pages\/42\/revisions\/63"}],"up":[{"embeddable":true,"href":"https:\/\/frontiersneurophotonics.org\/fr\/wp-json\/wp\/v2\/pages\/25"}],"wp:attachment":[{"href":"https:\/\/frontiersneurophotonics.org\/fr\/wp-json\/wp\/v2\/media?parent=42"}],"curies":[{"name":"wp","href":"https:\/\/api.w.org\/{rel}","templated":true}]}}