{"id":284,"date":"2016-10-31T11:42:02","date_gmt":"2016-10-31T15:42:02","guid":{"rendered":"http:\/\/frontiersneurophotonics.org\/fr\/?page_id=284"},"modified":"2017-10-09T14:24:03","modified_gmt":"2017-10-09T18:24:03","slug":"presentateurs-2017","status":"publish","type":"page","link":"https:\/\/frontiersneurophotonics.org\/fr\/presentateurs-2017\/","title":{"rendered":"Pr\u00e9sentateurs 2017"},"content":{"rendered":"<table border=\"0\" width=\"100%\">\n<tbody>\n<tr>\n<td style=\"text-align: left;\">Tom <strong>Bartol <\/strong>| Salk Institute<\/p>\n<p>Thomas <strong>Blanpied <\/strong>| Maryland University<\/p>\n<p>Robert <strong>Campbell <\/strong>| Alberta University<\/p>\n<p>Rosa <strong>Cossart <\/strong>| INMED<\/p>\n<p>Daniel <strong>C\u00f4t\u00e9 <\/strong>| University Laval<\/p>\n<p>Francoise <strong>Coussen <\/strong>| IINS &#8211; Universit\u00e9 de Bordeaux<\/p>\n<p>Pietro <strong>De Camilli <\/strong>| Yale School of Medicine<\/p>\n<p>Karl <strong>Deisseroth <\/strong>| Stanford Univ<\/p>\n<p>Yves <strong>De Koninck <\/strong>| Universit\u00e9 Laval<\/p>\n<p>Valentina <strong>Emiliani <\/strong>| Universit\u00e9 Paris Descartes<\/p>\n<p>Florian <strong>Engert <\/strong>| Harvard University<\/p>\n<p>Rainer <strong>Friedrich <\/strong>| Friedrich Miescher Institute<\/td>\n<td style=\"text-align: left;\">Yukiko <strong>Goda <\/strong>| Riken BSI<\/p>\n<p>Laurent <strong>Groc <\/strong>| IINS \u2013 Universit\u00e9 de Bordeaux<\/p>\n<p>Kristen <strong>Harris <\/strong>| University of Texas at Austin<\/p>\n<p>Elizabeth <strong>Hillman <\/strong>| Columbia University<\/p>\n<p>Erik <strong>J\u00f6rgensen <\/strong>| Utah University<\/p>\n<p>Ralf <strong>Jungmann\u00a0<\/strong>| Max Planck Institute<\/p>\n<p>Luke <strong>Lavis <\/strong>| HHMI Janelia<\/p>\n<p>Nathalie <strong>Rochefort <\/strong>| Edinburgh University<\/p>\n<p>Claire <strong>Wyart <\/strong>| ICM Paris<\/p>\n<p>Ryohei <strong>Yasuda <\/strong>| Max Planck Florida Institute<\/p>\n<p>Rafael <strong>Yuste <\/strong>| NTC Columbia University<\/p>\n<p>Xiaowei <strong>Zhuang <\/strong>| Harvard University<\/p>\n<p>&nbsp;<\/td>\n<\/tr>\n<\/tbody>\n<\/table>\n","protected":false},"excerpt":{"rendered":"<p>Tom Bartol | Salk Institute Thomas Blanpied | Maryland University Robert Campbell | Alberta University Rosa Cossart | INMED Daniel C\u00f4t\u00e9 | University Laval Francoise Coussen | IINS &#8211; Universit\u00e9 de Bordeaux Pietro De Camilli | Yale School of Medicine Karl Deisseroth | Stanford Univ Yves De Koninck | Universit\u00e9 Laval Valentina Emiliani | Universit\u00e9&#8230; <\/p>\n<div class=\"clear\"><\/div>\n<p><a href=\"https:\/\/frontiersneurophotonics.org\/fr\/presentateurs-2017\/\" class=\"gdlr-info-font excerpt-read-more\">Read More<\/a><\/p>\n","protected":false},"author":1,"featured_media":0,"parent":0,"menu_order":0,"comment_status":"closed","ping_status":"closed","template":"","meta":{"inline_featured_image":false,"footnotes":""},"class_list":["post-284","page","type-page","status-publish","hentry"],"_links":{"self":[{"href":"https:\/\/frontiersneurophotonics.org\/fr\/wp-json\/wp\/v2\/pages\/284","targetHints":{"allow":["GET"]}}],"collection":[{"href":"https:\/\/frontiersneurophotonics.org\/fr\/wp-json\/wp\/v2\/pages"}],"about":[{"href":"https:\/\/frontiersneurophotonics.org\/fr\/wp-json\/wp\/v2\/types\/page"}],"author":[{"embeddable":true,"href":"https:\/\/frontiersneurophotonics.org\/fr\/wp-json\/wp\/v2\/users\/1"}],"replies":[{"embeddable":true,"href":"https:\/\/frontiersneurophotonics.org\/fr\/wp-json\/wp\/v2\/comments?post=284"}],"version-history":[{"count":5,"href":"https:\/\/frontiersneurophotonics.org\/fr\/wp-json\/wp\/v2\/pages\/284\/revisions"}],"predecessor-version":[{"id":499,"href":"https:\/\/frontiersneurophotonics.org\/fr\/wp-json\/wp\/v2\/pages\/284\/revisions\/499"}],"wp:attachment":[{"href":"https:\/\/frontiersneurophotonics.org\/fr\/wp-json\/wp\/v2\/media?parent=284"}],"curies":[{"name":"wp","href":"https:\/\/api.w.org\/{rel}","templated":true}]}}