{"id":13,"date":"2014-07-22T11:38:40","date_gmt":"2014-07-22T11:38:40","guid":{"rendered":"http:\/\/frontiersneurophotonics.org\/fr\/?page_id=13"},"modified":"2016-10-27T15:45:49","modified_gmt":"2016-10-27T19:45:49","slug":"programme-fins2015","status":"publish","type":"page","link":"https:\/\/frontiersneurophotonics.org\/fr\/programme-fins2015\/","title":{"rendered":"Programme 2015"},"content":{"rendered":"<p>Voir le programme complet <a href=\"http:\/\/frontiersneurophotonics.org\/documents\/fins2015_program_web.pdf\" target=\"_blank\">2015 Frontiers in Neurophotonics program<\/a> (pdf incluant abstracts)<\/p>\n<hr \/>\n<h2>Programme scientifique<\/h2>\n<table>\n<tbody>\n<tr>\n<td colspan=\"2\" width=\"638\"><strong>Samedi 3 octobre 2015<\/strong><\/td>\n<\/tr>\n<tr>\n<td width=\"111\">13:30 &#8211; 17:00<\/td>\n<td width=\"527\">Inscription<\/td>\n<\/tr>\n<tr>\n<td width=\"111\">17:00 &#8211; 17:15<\/td>\n<td width=\"527\">Mot de bienvenue<\/td>\n<\/tr>\n<tr>\n<td width=\"111\">17:30 &#8211; 19:30<br \/>\nS\u00e9ance 1<\/td>\n<td width=\"527\">Pr\u00e9sident de s\u00e9ance: <strong>Jean-Baptiste Sibarita<\/strong><\/p>\n<p>17:30-18:00<br \/>\n<strong>J\u00e9r\u00f4me Mertz<\/strong>, Boston University, USA <em>\u2013 Adaptive optics without guide stars\u00a0<\/em><\/p>\n<p>18:00-18:30<br \/>\n<strong>Mathias Fink<\/strong>, \u00c9cole sup\u00e9rieure de physique et de chimie industrielles de la ville de Paris, France <em>\u2013 Ultrasound and Neuroscience\u00a0<\/em><\/p>\n<p>18:30-19:00<br \/>\n<strong>David Perrais<\/strong>, Universit\u00e9 de Bordeaux, France <em>\u2013<\/em> <em>Visualizing membrane trafficking in living cells with new pH sensitive fluorescent proteins\u00a0<\/em><\/p>\n<p>19:00-19:30<br \/>\n<strong>Istvan Katona<\/strong>, Institute of Experimental Medicine, Budapest, Hungary <em>\u2013 Cell type-specific STORM superresolution imaging of synaptic endocannabinoid signaling<br \/>\n<\/em><\/td>\n<\/tr>\n<tr>\n<td width=\"111\">19:30 &#8211;<\/td>\n<td width=\"527\">Cocktail de bienvenue et visite du mus\u00e9e (Mus\u00e9e de la Civilisation)<\/td>\n<\/tr>\n<\/tbody>\n<\/table>\n<p>&nbsp;<\/p>\n<table>\n<thead>\n<tr>\n<td colspan=\"2\" width=\"638\"><strong>Dimanche 4 octobre 2015<\/strong><\/td>\n<\/tr>\n<\/thead>\n<tbody>\n<tr>\n<td width=\"111\">9:00 &#8211; 11:00<br \/>\nS\u00e9ance 2a<\/td>\n<td width=\"527\">Pr\u00e9sident de s\u00e9ance: <strong>Valentin N\u00e4gerl<\/strong><\/p>\n<p>9:00-9:30<br \/>\n<strong>Sebastian J\u00e4hne<\/strong>, University of G\u00f6ttingen Medical Center, Germany \u2013 <em>Super-resolution investigation of synaptic function\u00a0<\/em><\/p>\n<p>9:30-10:00<br \/>\n<strong>Markus Sauer<\/strong>, Biozentrum Universit\u00e4t W\u00fcrzburg, Germany <em>\u2013<\/em> <em>dSTORM Coming of Age: Applications in Neuroscience\u00a0<\/em><\/p>\n<p>10:00-10:15 &#8211; Short talk<br \/>\n<strong>Paul De Koninck,\u00a0<\/strong>Centre de recherche de l\u2019Institut universitaire en sant\u00e9 mentale de Qu\u00e9bec, Canada &#8211;<br \/>\n<em>Fluorescence lifetime nanoscopy for measuring FRET in dendritic spines<\/em><\/p>\n<p>10.15-10.30\u00a0&#8211; Short talk<br \/>\n<strong>Tamas Fuzesi <\/strong>&#8211; Hotchkiss Brain Institute, Calgary, Canada &#8211;<em>Hypothalamic CRH neurons balance opposing stress behaviours<\/em>.<\/p>\n<p>10:30-11:00<br \/>\n<strong>Jean-Baptiste Sibarita<em>, <\/em><\/strong>University of Bordeaux, France<em> &#8211; Single-objective Selective-Plane Illumination Microscopy for high- and super-resolution imaging of biological structures\u00a0<\/em><\/td>\n<\/tr>\n<tr>\n<td width=\"111\">11:00 &#8211; 11:30<\/td>\n<td width=\"527\">Pause caf\u00e9 dans le hall d&rsquo;exposition<br \/>\nCommandit\u00e9e par le <strong>Centre d&rsquo;Optique Photonique et Laser<\/strong><\/td>\n<\/tr>\n<tr>\n<td width=\"111\">11:30 &#8211; 12:30<br \/>\nS\u00e9ance 2b<\/td>\n<td width=\"527\">Pr\u00e9sident de s\u00e9ance: <strong>Valentin N\u00e4gerl<\/strong><\/p>\n<p>11:30-12:00<br \/>\n<strong>Takeharu Nagai<\/strong>, Institute of Scientific and Industrial Research, Osaka University, Japan <em><em>&#8211; Genetically-encoded tools to optically control and image neuronal activity<br \/>\n<\/em><\/em><\/p>\n<p>12:00-12:30<br \/>\n<strong>David Kleinfeld<\/strong>, University of California in San Diego, USA <em>\u2013 Blood flow, brain vascular dynamics, and the basis of resting state connectivity<\/em><\/td>\n<\/tr>\n<tr>\n<td width=\"111\">12:30 &#8211; 14:00<\/td>\n<td width=\"527\">Lunch &#8211; S\u00e9ance d&rsquo;affiches<\/td>\n<\/tr>\n<tr>\n<td width=\"111\">14:00 &#8211; 14:05<\/td>\n<td width=\"527\">Annonce sp\u00e9ciale<\/td>\n<\/tr>\n<tr>\n<td width=\"111\">14:05 &#8211; 14.25<\/td>\n<td width=\"527\">14:05 &#8211; 14:25 &#8211; Industry talk<br \/>\n<strong>Tatsuo Nakata<\/strong> &#8211;\u00a0Olympus, Senior Manager, R&amp;D\/Engineering Olympus Scientific Solutions Americas \u2013 <em>New R&amp;D Business Unit: Advancing research through engineering customization<\/em><\/td>\n<\/tr>\n<tr>\n<td width=\"111\">14:25 &#8211; 15:10<br \/>\nS\u00e9ance 3a<\/td>\n<td width=\"527\">Pr\u00e9sident de s\u00e9ance: <strong>Paul De Koninck<\/strong><\/p>\n<p>14:25-15:55<br \/>\n<strong>David Boas<\/strong>, Martinos center for biomedical imaging, USA <em>\u2013<\/em> <em>Optical Imaging of Oxygen Delivery and Consumption : Guiding Interpretation of BOLD fMRI<\/em><em>\u00a0<\/em><\/p>\n<p>15:55-15:10\u00a0&#8211; Short talk<br \/>\n<strong>Benoit Gosselin<\/strong> &#8211;\u00a0Universit\u00e9 Laval, Qu\u00e9bec, Canada &#8211;\u00a0<em>A Wireless Headstage for Combined Optogenetics and Multichannel\u00a0Electrophysiological Recording in Freely Behaving Animals<\/em><\/td>\n<\/tr>\n<tr>\n<td width=\"111\">15:10 &#8211; 15:30<\/td>\n<td>15:10 &#8211; 15:30 &#8211; Industry talk<br \/>\n<strong>Sead Doric<\/strong> &#8211; Doric Lenses &#8211;\u00a0<em>The multimodal evolution of miniature fluorescent microscope<\/em><\/td>\n<\/tr>\n<tr>\n<td>15:30 &#8211; 16:45<\/td>\n<td>15:30-15:45\u00a0&#8211; Short talk<br \/>\n<strong>Sarah Aufmkolk<\/strong> &#8211; Julius-Maximilians University, W\u00fcrzburg, Germany &#8211; <em>Super-resolution fluorescence microscopy of synaptic proteins<\/em>15:45-16:15<br \/>\n<strong>Tim Murphy, <\/strong>University of British Columbia, Canada <em>\u2013 High throughput imaging of mesoscopic functional connectivity in mouse cortex<\/em><\/p>\n<p>16:15-16:45<br \/>\n<strong>Kevin Briggman<\/strong>, NIH-NINDS, USA <em>\u2013<\/em> <em>Modern 3D electron microscopy for mapping neural circuits\u00a0<\/em><\/td>\n<\/tr>\n<tr>\n<td width=\"111\">16:45 &#8211; 17:15<\/td>\n<td width=\"527\">Pause caf\u00e9 dans la salle d&rsquo;exposition<br \/>\nCommandit\u00e9e par <strong>Huron Digital Pathology<\/strong><\/td>\n<\/tr>\n<tr>\n<td width=\"111\">17:15 &#8211; 19:00<br \/>\nS\u00e9ance 3b<\/td>\n<td width=\"527\">Pr\u00e9sident de s\u00e9ance: <strong>Yves De Koninck<\/strong><\/p>\n<p>17:15-17:45<br \/>\n<strong>Paul Wiseman<\/strong>, McGill University, Canada <em>\u2013<\/em><em> New strategies and pitfalls for measuring receptor oligomerization with fluorescence fluctuation methods<\/em><\/p>\n<p>17:45-18:00 &#8211; Short talk<br \/>\n<strong>Pieter Vanden Berghe<\/strong> &#8211; University of Leuven, Belgium &#8211; <em>A correlative second harmonic (SH) \u2013 electron microscopy (EM) approach to investigate microtubules and intracellular transport phenomena<\/em><\/p>\n<p>18:00-18:15\u00a0&#8211; Short talk<br \/>\n<strong>Flavie Lavoie-Cardinal<\/strong> -Centre de recherche de l\u2019Institut universitaire en sant\u00e9 mentale de Qu\u00e9bec, Canada &#8211;\u00a0<em>Gold nanoparticle-assisted all optical localized stimulation and monitoring of Ca2+ signaling in neurons<\/em><\/p>\n<p>18:15-18:45<br \/>\n<strong>Nelson Spruston<\/strong>, Janelia Farm, USA <em>\u2013<\/em> <em>Assessing cell type-specific connectivity in the mouse brain using large-scale array tomography and two-photon microscopy<\/em><\/td>\n<\/tr>\n<\/tbody>\n<\/table>\n<p>&nbsp;<\/p>\n<table>\n<thead>\n<tr>\n<td colspan=\"2\" width=\"638\"><strong>Lundi 5 octobre 2015<\/strong><\/td>\n<\/tr>\n<\/thead>\n<tbody>\n<tr>\n<td width=\"111\">9:00 &#8211; 10:30<br \/>\nS\u00e9ance 4a<\/td>\n<td width=\"527\">Pr\u00e9sident de s\u00e9ance: <strong>Pierre Marquet<\/strong><\/p>\n<p>9:00-9:30<br \/>\n<strong>Yves De Koninck<\/strong>, Centre de recherche de l\u2019Institut universitaire en sant\u00e9 mentale de Qu\u00e9bec, Canada \u2013 <em>Fibre-optics for in vivo optogenetics; from single cells to hard-to-get-to areas of the nervous system<\/em><\/p>\n<p>9:30-10:00<br \/>\n<strong>Casper C. Hoogenraad<\/strong>, Utrecht University, Netherlands <em>\u2013<\/em> <em>Monitoring and manipulating intracellular transport\u00a0<\/em><\/p>\n<p>10:00-10:15\u00a0&#8211; Short talk<br \/>\n<strong>Benjamin Rappaz<\/strong> &#8211; EPFL, Lausanne, Switzerland &#8211;\u00a0<em>Image-based label-free screening of GABA agonists, antagonists and modulators<\/em><\/p>\n<p>10:15-10:30 &#8211; Short talk<br \/>\n<strong>Antoine Godin<\/strong>, Universit\u00e9 de Bordeaux, France <em>\u2013<\/em> <em>Unraveling live brain tissue nano-structure using single fluorescent carbon nanotubes<\/em><\/td>\n<\/tr>\n<tr>\n<td width=\"111\">10:30 &#8211; 11:00<\/td>\n<td width=\"527\">Pause caf\u00e9 dans le hall d&rsquo;exposition<br \/>\nCommandit\u00e9e par <strong>Doric Lenses<\/strong><\/td>\n<\/tr>\n<tr>\n<td width=\"111\">11:00 &#8211; 12:00<br \/>\nS\u00e9ance 4b<\/td>\n<td width=\"527\">Pr\u00e9sident de s\u00e9ance: <strong>Pierre Marquet<\/strong>11:00-11:30<br \/>\n<strong>Robert Campbell<\/strong>, University of Alberta, Canada <em>\u2013 Red fluorescent protein-based neurophotonic probes for visualization of neuronal activity<\/em>11:30 &#8211; 12:00<br \/>\n<strong>Santiago Costantino<\/strong>, Universit\u00e9 de Montr\u00e9al, Centre de recherche de l&rsquo;h\u00f4pital Maisonneuve-Rosemont, Canada <em>\u2013 Laser-assisted single-cell tagging and membrane functionalization <\/em><em>\u2013<\/em><\/td>\n<\/tr>\n<tr>\n<td width=\"111\">12:00 &#8211; 14:00<\/td>\n<td width=\"527\">Lunch &#8211; S\u00e9ance d&rsquo;affiches<\/td>\n<\/tr>\n<tr>\n<td width=\"111\">14:00 &#8211; 14:30<\/td>\n<td width=\"527\">14:00 &#8211; 14:30 &#8211; Industry talk<br \/>\n<strong>Patrick Myles<\/strong> &#8211;\u00a0Huron Digital Pathology &#8211;\u00a0Advances in Whole Mount Brain Scanning<\/td>\n<\/tr>\n<tr>\n<td width=\"111\">14:30 \u2013 15:30<br \/>\nS\u00e9ance 5<\/td>\n<td width=\"527\">Pr\u00e9sident de s\u00e9ance: <strong>Rainer Friedrich<\/strong><\/p>\n<p>14:30 &#8211; 15:00<br \/>\n<strong>Arthur Konnerth<\/strong>, Technische Universit\u00e4t M\u00fcnchen, Germany <em>\u2013 <\/em>Deep<em> two-photon imaging of neuronal networks in vivo with a red-shifted indicator<\/em><\/p>\n<p>15:00-15:30<br \/>\n<strong>Georg Keller<\/strong>, FMI &#8211; Friedrich Miescher Institute, Germany <em>\u2013<\/em> <em>Visuomotor learning in mouse primary visual cortex<\/em><\/td>\n<\/tr>\n<tr>\n<td>15:30 &#8211; 16:00<\/td>\n<td>Pause caf\u00e9 dans le hall d&rsquo;exposition<br \/>\nCommandit\u00e9e par <strong>Olympus<\/strong><\/td>\n<\/tr>\n<tr>\n<td>16:00 &#8211; 17:00<br \/>\nSession 5<br \/>\n(suite)<\/td>\n<td>16:00-16:30<br \/>\n<strong>Thomas Oertner<\/strong>, Institute for Synaptic Physiology, Germany \u00a0<em>\u2013<\/em> <em>Synaptic plasticity controls synaptic lifetime\u00a0<\/em>16:30-17:00<br \/>\n<strong>Jason Kerr<\/strong>, Max Planck Institute, Germany <em>\u2013<\/em> <em>Turning calcium transients \u00a0into spikes and watching the animal in action\u00a0<\/em><\/td>\n<\/tr>\n<tr>\n<td width=\"111\">17:15<\/td>\n<td width=\"527\">Departure in front of the Mus\u00e9e towards le Manoir Montmorency (banquet dinner)<\/td>\n<\/tr>\n<\/tbody>\n<\/table>\n<table>\n<thead>\n<tr>\n<td colspan=\"2\" width=\"638\"><strong>Mardi 6 octobre 2015<\/strong><\/td>\n<\/tr>\n<\/thead>\n<tbody>\n<tr>\n<td width=\"111\">9:00 \u2013 11:00<br \/>\nS\u00e9ance 6a<\/td>\n<td width=\"527\">Pr\u00e9sident de s\u00e9ance: <strong>Tim Murphy<\/strong><\/p>\n<p>9:00-9:30<br \/>\n<strong>Rainer Friedrich<\/strong> &#8211; Friedrich Miescher Institute for Biomedical Research, Switzerland \u2013 <em>Deconstructing and reconstructing neuronal circuits for olfaction <\/em>9:30-10:00<br \/>\n<strong>Minoru Koyama<\/strong>, Janelia farm, USA <em>\u2013<\/em> <em>Synaptic mechanisms underlying integration of early-born and late-born motor circuits<\/em><\/p>\n<p>10:00-10:15\u00a0&#8211; Short talk<br \/>\n<strong>Pierre Bon<\/strong> &#8211; Universit\u00e9 de Bordeaux, France &#8211; <em>Quantitative Phase Imaging for label-free live-cell cytoskeleton, organelles trafficking and for 3D fluorescence super-resolution<\/em><\/p>\n<p>10:15-10:30\u00a0&#8211; Short talk<br \/>\n<strong>Masha Prager-Khoutorsky<\/strong> &#8211; McGill University, Montreal, Canada &#8211; <em>Superresolution imaging reveals unique microtubule structure mediating mechanotransduction in neurons<\/em><\/p>\n<p>10:30-11:00<br \/>\n<strong>Claire Wyart<\/strong>, Institut du Cerveau et de la Moelle \u00c9piniere (ICM), France \u2013 <em>Investigation of a novel sensory interface relaying information from the cerebrospinal fluid to motor circuits<\/em><em>\u00a0<\/em><\/td>\n<\/tr>\n<tr>\n<td width=\"111\">11:00 &#8211; 11:30<\/td>\n<td width=\"527\">Pause caf\u00e9 dans le hall d&rsquo;exposition<br \/>\nCommandit\u00e9e par <strong>Zeiss<\/strong><\/td>\n<\/tr>\n<tr>\n<td width=\"111\">11:30 &#8211; 12:30<br \/>\nS\u00e9ance 6b<\/td>\n<td width=\"527\">Pr\u00e9sident de s\u00e9ance: <strong>Tim Murphy<\/strong><\/p>\n<p><strong>Karl Deisseroth<\/strong>, Stanford University, USA \u2013 <em>Recent development in optogenetics<\/em><\/td>\n<\/tr>\n<tr>\n<td width=\"111\">12:30 &#8211; 12:45<\/td>\n<td width=\"527\">Mot de cl\u00f4ture<\/td>\n<\/tr>\n<tr>\n<td width=\"111\">12:45 &#8211; 14:00<\/td>\n<td width=\"527\">Lunch<\/td>\n<\/tr>\n<\/tbody>\n<\/table>\n","protected":false},"excerpt":{"rendered":"<p>Voir le programme complet 2015 Frontiers in Neurophotonics program (pdf incluant abstracts) Programme scientifique Samedi 3 octobre 2015 13:30 &#8211; 17:00 Inscription 17:00 &#8211; 17:15 Mot de bienvenue 17:30 &#8211; 19:30 S\u00e9ance 1 Pr\u00e9sident de s\u00e9ance: Jean-Baptiste Sibarita 17:30-18:00 J\u00e9r\u00f4me Mertz, Boston University, USA \u2013 Adaptive optics without guide stars\u00a0 18:00-18:30 Mathias Fink, \u00c9cole sup\u00e9rieure&#8230; <\/p>\n<div class=\"clear\"><\/div>\n<p><a href=\"https:\/\/frontiersneurophotonics.org\/fr\/programme-fins2015\/\" class=\"gdlr-info-font excerpt-read-more\">Read More<\/a><\/p>\n","protected":false},"author":1,"featured_media":0,"parent":0,"menu_order":0,"comment_status":"open","ping_status":"open","template":"","meta":{"inline_featured_image":false,"footnotes":""},"class_list":["post-13","page","type-page","status-publish","hentry"],"_links":{"self":[{"href":"https:\/\/frontiersneurophotonics.org\/fr\/wp-json\/wp\/v2\/pages\/13","targetHints":{"allow":["GET"]}}],"collection":[{"href":"https:\/\/frontiersneurophotonics.org\/fr\/wp-json\/wp\/v2\/pages"}],"about":[{"href":"https:\/\/frontiersneurophotonics.org\/fr\/wp-json\/wp\/v2\/types\/page"}],"author":[{"embeddable":true,"href":"https:\/\/frontiersneurophotonics.org\/fr\/wp-json\/wp\/v2\/users\/1"}],"replies":[{"embeddable":true,"href":"https:\/\/frontiersneurophotonics.org\/fr\/wp-json\/wp\/v2\/comments?post=13"}],"version-history":[{"count":48,"href":"https:\/\/frontiersneurophotonics.org\/fr\/wp-json\/wp\/v2\/pages\/13\/revisions"}],"predecessor-version":[{"id":274,"href":"https:\/\/frontiersneurophotonics.org\/fr\/wp-json\/wp\/v2\/pages\/13\/revisions\/274"}],"wp:attachment":[{"href":"https:\/\/frontiersneurophotonics.org\/fr\/wp-json\/wp\/v2\/media?parent=13"}],"curies":[{"name":"wp","href":"https:\/\/api.w.org\/{rel}","templated":true}]}}